{"id":541,"date":"2016-07-29T12:04:12","date_gmt":"2016-07-29T10:04:12","guid":{"rendered":"http:\/\/artescelta.com\/?page_id=541"},"modified":"2018-05-22T10:02:11","modified_gmt":"2018-05-22T08:02:11","slug":"il-maestro","status":"publish","type":"page","link":"https:\/\/artescelta.com\/?page_id=541","title":{"rendered":"Il Maestro"},"content":{"rendered":"<hr \/>\n<h1 align=\"center\"><span style=\"color: #000000;\"><em>Biografia di Giovan Francesco Gonzaga<\/em><\/span><\/h1>\n<p>&nbsp;<\/p>\n<p><img loading=\"lazy\" decoding=\"async\" class=\"wp-image-1254 aligncenter\" src=\"https:\/\/artescelta.com\/wp-content\/maestro-page\/primo-gonzaga.jpg\" alt=\"primo-gonzaga\" width=\"405\" height=\"251\" srcset=\"https:\/\/artescelta.com\/wp-content\/uploads\/primo-gonzaga.jpg 800w, https:\/\/artescelta.com\/wp-content\/uploads\/primo-gonzaga-768x476.jpg 768w\" sizes=\"auto, (max-width: 405px) 100vw, 405px\" \/><\/p>\n<p style=\"text-align: center;\"><span style=\"font-size: 80%;\">(Il primo Gonzaga all&#8217;eta&#8217; di 10 anni)<\/span><\/p>\n<p align=\"justify\"><span style=\"color: #000000;\">Gianfranco (in arte Giovan Francesco) Gonzaga, (Milano 1921 &#8211; 2007). Pittore e scultore autodidatta, ha al suo attivo una lunga e prestigiosa carriera artistica.<\/span><\/p>\n<p align=\"justify\"><span style=\"color: #000000;\">Dice di se stesso: \u201csono un decadente, un crepuscolare. Non guido la macchina. Vado a cavallo. Ho passato l\u2019infanzia \u2013 un\u2019infanzia dorata \u2013 fra nitriti e profumi di scuderia\u2026..nella villa di Soncino, dai nonni. Mia madre si occupava di moda, andava a Londra, a Parigi; io, a otto anni ero gia\u2019 in sella\u201d.<\/span><\/p>\n<p align=\"justify\"><span style=\"color: #000000;\">A 10 anni esegue 300 disegni a penna raccontando il cammino del genere umano dall\u2019eta\u2019 della pietra fino alla fine della prima guerra mondiale. La madre non approva la sua passione artistica: lo vuole avvocato, mentre i professori garantivano il suo destino d\u2019arte.<\/span><\/p>\n<p align=\"justify\"><span style=\"color: #000000;\">Sogna Brera e non avendo ottenuto il sospirato permesso, quando la guerra gia\u2019 bussava alle porte con i suoi lutti e rovine, parte volontario con il Savoia cavalleria partecipando, con lo squadrone \u201cFantasma\u201d ad azioni di pattuglia nella steppa.<\/span><\/p>\n<p align=\"justify\"><span style=\"color: #000000;\">Prese parte alla storica carica di Isbuscensky, un piccolo centro della grande Russia a noi noto per l\u2019eroica battaglia sostenuta dalla cavalleria italiana contro i carri armati russi.<\/span><\/p>\n<p align=\"justify\"><span style=\"color: #000000;\">In questo preciso periodo storico prende forma, colore e soggetto la pittura di un artista che diverra\u2019 sempre piu\u2019 noto nel campo dell\u2019arte figurativa.<\/span><\/p>\n<p align=\"justify\"><span style=\"color: #000000;\"><img loading=\"lazy\" decoding=\"async\" id=\"u2459-2\" class=\"alignleft\" src=\"https:\/\/artescelta.com\/wp-content\/maestro-page\/maestro02.jpg\" alt=\"maestro02\" width=\"164\" height=\"394\" \/><\/span><\/p>\n<p><img loading=\"lazy\" decoding=\"async\" class=\"alignright\" src=\"https:\/\/artescelta.com\/wp-content\/maestro-page\/ritratto-moglie.jpg\" alt=\"ritratto-moglie\" width=\"159\" height=\"405\" \/><\/p>\n<p align=\"justify\"><span style=\"color: #000000;\">Finita la guerra Giovan Francesco Gonzaga si dedica alla pittura a tempo pieno. Il 1955 e\u2019 l\u2019anno del soggiorno di Giovan Francesco Gonzaga in Spagna, paese che dara\u2019 un accentuato senso alla sua tematica ed al suo colore.<\/span><\/p>\n<p align=\"justify\"><span style=\"color: #000000;\">La serie delle mostre personali o collettive non interrompe la vita dolce e ritirata del nostro pittore. Il lavoro e\u2019 alternato solo dall\u2019amore per i cavalli, che e\u2019 anche amore per tutti gli animali, per la natura, per le piante, per la genuinita\u2019, per la purezza e per la liberta\u2019.<\/span><\/p>\n<p align=\"justify\"><span style=\"color: #000000;\">Il maneggio e\u2019 il suo secondo atelier e l\u2019arte il suo primo amore.<\/span><\/p>\n<p align=\"justify\"><span style=\"color: #000000;\">Finita l\u2019interpretazione silente della metafisica di De Chirico si fa avanti il bello inteso dal Gonzaga come linguaggio diretto e pittoresco, il vero non esiste. La realta\u2019 e\u2019 sempre un atteggiamento ed e\u2018 lo stesso Gonzaga che scrive: \u201cquando cavalco attraverso i prati, il mio cuore vagabonda nel mattino denso di brume\u201d.<\/span><\/p>\n<p align=\"justify\"><span style=\"color: #000000;\">Giovan Francesco Gonzaga ha tenuto numerose mostre personali in Italia e all\u2019estero, in particolare a Milano nelle gallerie: Molteni, Carini, Guglielmi, Gussoni, Il Vertice, Ranzini, S. Ambrogio, Centro Artistico Milanese, Il Salotto (dal 1977 ad oggi); a Rimini, Parigi (1982, sul tema dell\u2019epopea napoleonica) e a Mantova (palazzo della ragione 1991). Dal 1990 ad oggi le sue opere sono presenti in varie reti televisive.<\/span><\/p>\n<p align=\"justify\"><span style=\"color: #000000;\">E\u2019 stato invitato alle piu\u2019 importanti rassegne d\u2019arte, ottenendo premi di rilievo, fra cui: premio Fenarete 1949, premio Marzotto 1963, Pavone d\u2019Oro 1967, Le Grolle d\u2019Oro 1972. Ha ricevuto la medaglia d\u2019Oro dal papa Giovanni Paolo II a Salsomaggiore terme nel 1997. Ha collaborato all\u2019opera \u201cMose\u2019\u201d con Sassu, Purificato, Fiume, Annigoni; all\u2019 \u201dOdissea\u201d con Fiume, Sassu, De Chirico, Cascella; al libro \u201cCuore\u201d con Brindisi, Treccani, Cascella, Tamburi; all\u2019Enciclopedia del Cavallo edita dalla De Agostini; all\u2019opera \u201cEttore Fieramosca\u201d (edizioni Il Quadrato) con 9 tavole litografiche e a vari libri di testo scolastici. Hanno scritto di lui: D. Buzzati, R. Civello, F. Boni, De Grada, L. Borgese, E. Fabiani, G. Falossi, E. Ferri, M. Lepore, G. Nicodemi, M. Portalupi, C. Rizzi, D. Villani, G. De Chirico, P. Annigoni ed altri. Sue opere figurano in diversi musei, fra cui quello della Cavalleria di Pinerolo, il museo storico della Guardia di Finanza a Roma, il museo di Tel Aviv, l\u2019Art Museum di Los Angeles, in altre collezioni pubbliche e private in Italia, Francia, Spagna, Lussemburgo, Indonesia, Cina, Giappone, Singapore, America, ecc. nel 2000 ha illustrato il primo calendario della polizia municipale di Milano con oli e disegni. il quadro di copertina e\u2019 collocato a palazzo marino e nel 2001 ha illustrato lo stesso con quadri di vecchie Milano.<\/span><\/p>\n<p style=\"text-align: center;\" align=\"justify\"><span style=\"color: #000000;\"><span style=\"font-size: 130%;\">Nel 2001 gli e\u2019 stato conferito l\u2019Ambrogino d\u2019Oro dal Comune di Milano<\/span>.<\/span><\/p>\n<hr \/>\n<hr \/>\n<div id=\"u5728-bw\">\n<p>&nbsp;<\/p>\n<\/div>\n<div id=\"u6096-19\">\n<table style=\"height: 25px;\" width=\"1361\">\n<tbody>\n<tr>\n<td><img loading=\"lazy\" decoding=\"async\" class=\"alignleft\" src=\"https:\/\/artescelta.com\/wp-content\/maestro-page\/giovcav.jpg\" alt=\"giovcav\" width=\"318\" height=\"414\" \/><\/td>\n<td>\n<p id=\"u6096-2\" style=\"text-align: center;\"><span style=\"font-size: 150%; color: #282828;\">Al mio sire<\/span><\/p>\n<p id=\"u6096-5\" style=\"text-align: center;\"><span style=\"color: #282828;\">Quando cavalco attraverso i <\/span><\/p>\n<p style=\"text-align: center;\"><span style=\"color: #282828;\">prati il mio cuore vagabonda <\/span><\/p>\n<p style=\"text-align: center;\"><span style=\"color: #282828;\">nel mattino denso di brume.<\/span><\/p>\n<p id=\"u6096-7\" style=\"text-align: center;\"><span style=\"color: #282828;\">Sento le peste della tua <\/span><\/p>\n<p style=\"text-align: center;\"><span style=\"color: #282828;\">andatura nel gran silenzio <\/span><\/p>\n<p style=\"text-align: center;\"><span style=\"color: #282828;\">verde.<\/span><\/p>\n<p id=\"u6096-9\" style=\"text-align: center;\"><span style=\"color: #282828;\">Dalle froge fumida il tuo respiro<\/span><\/p>\n<p style=\"text-align: center;\"><span style=\"color: #282828;\"> mentre la criniera ha un <\/span><\/p>\n<p style=\"text-align: center;\"><span style=\"color: #282828;\">fremito di vento. <\/span><\/p>\n<p style=\"text-align: center;\"><span style=\"color: #282828;\">Allento le redini e premo<\/span><\/p>\n<p style=\"text-align: center;\"><span style=\"color: #282828;\">leggermente i tuoi fianchi e <\/span><\/p>\n<p style=\"text-align: center;\"><span style=\"color: #282828;\">rispondi generoso col tuo <\/span><\/p>\n<p style=\"text-align: center;\"><span style=\"color: #282828;\">splendido galoppo verso la <\/span><\/p>\n<p style=\"text-align: center;\"><span style=\"color: #282828;\">linea perduta dell\u2019orizzonte.<\/span><\/p>\n<p id=\"u6096-12\" style=\"text-align: center;\"><span style=\"color: #282828;\">Guardo l\u2019immenso cielo e <\/span><\/p>\n<p style=\"text-align: center;\"><span style=\"color: #282828;\">fondendomi con te mi sento<\/span><\/p>\n<p style=\"text-align: center;\"><span style=\"color: #282828;\"> il padrone del mondo.<\/span><\/p>\n<p id=\"u6096-14\" style=\"text-align: center;\"><em><span style=\"color: #282828;\">G.F. Gonzaga<\/span><\/em><\/p>\n<\/td>\n<td>\n<div id=\"u5728-bw\">\n<p><img loading=\"lazy\" decoding=\"async\" class=\"alignright\" src=\"https:\/\/artescelta.com\/wp-content\/maestro-page\/rosygiov.jpg\" alt=\"rosygiov\" width=\"316\" height=\"421\" \/><\/p>\n<\/div>\n<\/td>\n<\/tr>\n<\/tbody>\n<\/table>\n<\/div>\n<hr \/>\n<hr \/>\n<p><a href=\"https:\/\/artescelta.com\/wp-content\/maestro-page\/articolo-verde.jpg\"><img loading=\"lazy\" decoding=\"async\" class=\"aligncenter wp-image-1282 size-full\" src=\"https:\/\/artescelta.com\/wp-content\/uploads\/varie\/articolo-verde.jpg\" alt=\"articolo-verde\" width=\"2310\" height=\"1594\" srcset=\"https:\/\/artescelta.com\/wp-content\/uploads\/varie\/articolo-verde.jpg 2310w, https:\/\/artescelta.com\/wp-content\/uploads\/varie\/articolo-verde-800x552.jpg 800w, https:\/\/artescelta.com\/wp-content\/uploads\/varie\/articolo-verde-768x530.jpg 768w, https:\/\/artescelta.com\/wp-content\/uploads\/varie\/articolo-verde-1536x1060.jpg 1536w, https:\/\/artescelta.com\/wp-content\/uploads\/varie\/articolo-verde-2048x1413.jpg 2048w\" sizes=\"auto, (max-width: 2310px) 100vw, 2310px\" \/><\/a><\/p>\n<hr \/>\n<hr \/>\n<p>&nbsp;<\/p>\n<p style=\"text-align: center;\"><em>Tratto da rivista Arte &amp; Sensi\u00a0\u2013 trimestrale di Arte Cultura ed Attualit\u00e0 Numero 1 _ Dicembre 2008<\/em><\/p>\n<h5 style=\"text-align: center;\"><span style=\"font-size: 140%; color: #800000;\">UN AMORE<\/span><\/h5>\n<h5 style=\"text-align: center;\"><span style=\"font-size: 140%; color: #800000;\">LUNGO UNA VITA<\/span><\/h5>\n<h1 style=\"text-align: center;\"><span style=\"font-size: 75%;\">Di Roberto Bonin<\/span><\/h1>\n<p><span style=\"color: #282828;\">Non a caso, abbiamo scelto questo titolo. Perch\u00e9 quello che caratterizza il rapporto tra il Maestro Giovanfrancesco Gonzaga e l&#8217;Arte \u00e8 proprio l&#8217;Amore, quello vero, quello\u00a0 che arriva direttamente dal cuore. Visitando la sua galleria d&#8217;arte di Milano abbiamo avuto la fortuna e il privilegio di poter respirare l&#8217;essenza di questo stretto legame e ne siamo rimasti affascinati e inebriati. Da tutte le sue opere trasuda passione;\u00a0 passione per tutto ci\u00f2 che di bello la vita ci riserva, dalla natura alle bellezze del creato fino ad arrivare agli affetti pi\u00f9 intimi. \u201cUn amore infinito\u201d, cos\u00ec lo ricorda infatti il figlio Roberto, sollecitato dalla classica domanda: \u201cCi\u00a0 pu\u00f2 descrivere l&#8217;arte di suo padre\u201d. Ed \u00e8 proprio quello che ci aspettavamo di sentire, soprattutto dopo aver dato un primo e rapidissimo sguardo ai capolavori esposti. Veniamo subito attratti &#8211; quasi rapiti &#8211; dal fascino\u00a0 misterioso dell&#8217;olio su tela intitolato \u201cDuello tra Sir Pelias e Sir Engamore sulla costa\u201d che evoca in noi ricordi di epici combattimenti tra leggendari cavalieri medievali. Per un attimo lasciamo questo mondo per approdare\u00a0 in una dimensione parallela, scaturita direttamente dai romanzi di Chr\u00e9tien de Troyes e dal ciclo bretone del Santo Graal. Le corazze, le spade, il nitrito dei cavalli e, in particolar modo, il chiaro di luna: tutto ci sembra cos\u00ec\u00a0 reale da poterlo veramente toccare con mano. Il nostro sguardo continua poi tra la magia delle opere esposte e a un tratto scorgiamo una piccola tela in cui, anche l&#8217;orrore della guerra, viene mitigato dalla dolcezza\u00a0 e dall&#8217;amore con cui il Maestro riesce a descrivere anche i momenti pi\u00f9 tristi della sua vita. Si tratta dei ricordi di quando part\u00ec volontario per la campagna di Russia con il Savoia Cavalleria: nello sguardo del soldato che\u00a0 mesto e stanco conduce il suo cavallo attraverso un campo innevato della steppa, c&#8217;\u00e8 davvero tutto. Ci sono i morsi del freddo e della fame, ci sono le lacrime per i compagni caduti, c&#8217;\u00e8 la malinconia per la lontananza da casa, ma anche l&#8217;orgoglio di appartenere a un glorioso esercito, la fierezza della certezza nella vittoria finale e, soprattutto, la dolcezza della simbiosi con il suo compagno a quattro zampe. Ed \u00e8 proprio il cavallo il tema\u00a0 conduttore dell&#8217;opera e della vita di Gonzaga, un rapporto che va oltre alla semplice fiducia per il fido destriero e che comprende sentimenti di ammirazione, amore e fratellanza. \u201cQuello che pi\u00f9 caratterizza l&#8217;arte di mio padre \u00e8 la vitalit\u00e0, la poesia, la dolcezza e l&#8217;amore per la natura\u201d, aggiunge il figlio Roberto. Ed \u00e8 proprio cos\u00ec. In ogni quadro su cui posiamo lo sguardo troviamo quella cura dei particolari e quell&#8217;armonia delle forme che\u00a0 solo un grande artista \u00e8 in grado di cogliere e immortalare per sempre. E poi c&#8217;\u00e8 il colore. Tonalit\u00e0 e sfumature che sono praticamente impossibili poter descrivere con semplici parole: bisogna vederle, toccarle e\u00a0\u00a0 assaporarle per capire realmente di cosa si sta parlando. Leggiamo una lettera del Maestro che riassume un p\u00f2 la sua vita e verso la fine troviamo scritto: \u201cVorrei poter dare a ognuno colori pieni di luce il rosso, il rosa,\u00a0 l&#8217;azzurro, il verde cinabro, il blu di sevre, il giallo, perch\u00e9 non torni il nero del quarto cavaliere\u201d. Da far rabbrividire. E non si pu\u00f2 far altro dinanzi a una cos\u00ec grande \u201canima\u201d dell&#8217;era moderna. Scrive di lui Vittorio Sgarbi:\u00a0 \u201cSe il disegno preparatorio \u00e8 mirabile, il colore di questo artista ha una regalit\u00e0 e una sensibilit\u00e0 che provengono da una percezione musicale della cromia, dove la tavolozza si esprime in improvvisi, in variazioni e in ritmi\u00a0 pulsanti\u201d.<\/span><\/p>\n<hr \/>\n<hr \/>\n<h1 style=\"text-align: center;\">CRITICA<\/h1>\n<h1 id=\"u336-4\" style=\"text-align: center;\"><em>Tratto da \u201c Le scelte di Sgarbi\u201d Editoriale Giorgio Mondadori<\/em><\/h1>\n<div id=\"u5883-11\">\n<p id=\"u5883-2\"><span style=\"color: #282828;\">&#8220;La sapienza di Giovan Francesco Gonzaga sta nel disegno, che \u00e8 forte e deciso e che, in tutta evidenza,risale a un apprendistato giovanile, quando egli cominci\u00f2 a dipingere una natura silenziosa e aliena dalla presenza umana.In tempi successivi la sua pittura si \u00e8 rivolta ai cavalli e ai cavalieri, e non tanto in chiave metafisica dechirichiana, che in questo caso non \u00e8 certamente anacronistico chiamare a confronto, quanto piuttosto in quella di una poetica visionaria. Qui le immagini vibrano di inquietudine, nel segno della lotta dell\u2019uomo contro se stesso, nell\u2019inferno di una storia che sembra ripetere sempre lo stesso dramma. Ma se il disegno preparatorio \u00e8 mirabile, il colore di questo artista ha una regalit\u00e0 e una sensibilit\u00e0 che provengono da una percezione musicale della cromia, dove la tavolozza si esprime in improvvisi, in variazioni e in ritmi pulsanti.<\/span><\/p>\n<p id=\"u5883-4\"><span style=\"color: #282828;\">\u00a0Gonzaga ha alle spalle una lunga carriera di artista, che porta il segno della fede in una tecnica pittorica e figurale, che ha esercitato con perizia fascinosa, e grazie alla quale egli ha maturato, nel corso degli anni, una cifra stilistica autonoma e l\u2019immediata riconoscibilit\u00e0 del suo lavoro.Il suo fare artistico ha sempre la qualit\u00e0, ormai rara, di saper accedere alle conclusioni figurali senza smettere la tensione creativa che lo spinge\u00a0 a cercare intensit\u00e0 luminose. Il senso della sintesi narrativa che lo porta\u00a0 a sfrondare e a completare il lavoro esaltando il gioco delle masse volumetriche e degli equilibri cromatici. La fusione dell\u2019uomo in guerra con il cavallo che lo porta si esalta teatralmente in momenti diversi, in un impatto visivo che riconduce a idee archetipe sul rapporto che intercorre fra natura e cultura, dove l\u2019energia vitale porta in s\u00e9 inevitabilmente la pulsione alla violenza e alla morte, ma anche alla rinascita sulle rovine della distruzione.<\/span><\/p>\n<p id=\"u5883-8\"><span style=\"color: #282828;\"><span id=\"u5883-5\">\u00a0Pittore di area tradizionale, il suo personalissimo museo si radica nella ragione rinascimentale, per ripercorrere le tappe che conducono al neoclassicismo francese, soprattutto Delacroix, per raggiungere quel modo di comporre tutto italiano, e in qualche misura visionario e barocco, che \u00e8 stato di Giorgio de Chirico e di Alberto Savinio. In questo guardare ai maestri del passato Gonzaga salvaguarda la sua vena narrativa, e la sua piena individualit\u00e0. La sua vocazione non concede spazio alle accentuazioni visive retoriche, ma da maestro, quale egli \u00e8, di scene di battaglie, sa fermare al momento opportuno<\/span><span id=\"u5883-6\"> <\/span><span id=\"u5883-7\">l\u2019esplicitazione della forza virile per soffermarsi esclusivamente sul colore e sugli effetti luminosi. Per altro, questi ultimi infondono dolcezze impressionistiche ai suoi paesaggi, che si direbbe riflettano lo sgorgare di una poetica della natura inaspettatamente diversa da quella epica della serie dei cavalieri. Ma le pi\u00f9 importanti composizioni di questo artista sono comunque quelle che delineano le dinamiche dei corpi in movimento, dove ogni raffigurazione rappresenta lo svolgimento compiuto di un evento. Le qualit\u00e0 pittoriche di Gonzaga sono il frutto di una riflessione sulla matericit\u00e0 del colore, e sul senso della forma visibile, che resta comunque sfuggente, in quanto \u00e8 manifestazione dell\u2019intelligenza compositiva dell\u2019artista, e quindi non un dato oggettivo che proviene dalla registrazione del reale.Per questo, infine, questi dipinti sono anche luoghi dell\u2019impossibile, riscontri tesi e dialettici di una realt\u00e0 che non si impone solo alla percezione visiva, ma che sollecita la comprensione di una cronaca in parte leggendaria, e in parte anche troppo vicina a certi oscuri presagi del nostro presente.&#8221;\u00a0\u00a0\u00a0\u00a0\u00a0\u00a0\u00a0\u00a0\u00a0\u00a0\u00a0\u00a0\u00a0 V. Sgarbi<\/span><\/span><\/p>\n<hr \/>\n<hr \/>\n<\/div>\n<table style=\"height: 27px;\" width=\"1303\">\n<tbody>\n<tr>\n<td>\n<p style=\"text-align: center;\"><span style=\"color: #333333;\"><strong><span style=\"font-size: 140%;\">UN GRANDE CUORE DI<\/span><\/strong><\/span><\/p>\n<p style=\"text-align: center;\"><span style=\"color: #333333;\"><strong><span style=\"font-size: 140%;\">CAVALIERE SI E&#8217; FERMATO<\/span><\/strong><\/span><\/p>\n<p style=\"text-align: center;\"><span style=\"color: #000000;\">Milano, 2 Ottobre 2007<\/span><\/p>\n<p style=\"text-align: center;\"><span style=\"color: #000000;\">Giovan Francesco Gonzaga,<\/span><\/p>\n<p style=\"text-align: center;\"><span style=\"color: #000000;\">pittore di fama<\/span><\/p>\n<p style=\"text-align: center;\"><span style=\"color: #000000;\">internazionale, che aveva<\/span><\/p>\n<p style=\"text-align: center;\"><span style=\"color: #000000;\">militato in &#8216;Savoia<\/span><\/p>\n<p style=\"text-align: center;\"><span style=\"color: #000000;\">Cavalleria&#8217; nella Campagna<\/span><\/p>\n<p style=\"text-align: center;\"><span style=\"color: #000000;\">di Russia, ha chiuso la sua<\/span><\/p>\n<p style=\"text-align: center;\"><span style=\"color: #000000;\">brillante esistenza ricca di<\/span><\/p>\n<p style=\"text-align: center;\"><span style=\"color: #000000;\">successi professionali<\/span><\/p>\n<p style=\"text-align: center;\"><span style=\"color: #000000;\">privilegiando come soggetti<\/span><\/p>\n<p style=\"text-align: center;\"><span style=\"color: #000000;\">dei suoi quadri e delle sue<\/span><\/p>\n<p style=\"text-align: center;\"><span style=\"color: #000000;\">sculture\u00a0i cavalli e la Cavalleria.<\/span><\/p>\n<p style=\"text-align: center;\"><span style=\"color: #000000;\">Lascia a noi , ai posteri,alla<\/span><\/p>\n<p style=\"text-align: center;\"><span style=\"color: #000000;\">storia, centinaia di opere<\/span><\/p>\n<p style=\"text-align: center;\"><span style=\"color: #000000;\">che esaltano con eloquente<\/span><\/p>\n<p style=\"text-align: center;\"><span style=\"color: #000000;\">realistica efficacia i sacrifici<\/span><\/p>\n<p style=\"text-align: center;\"><span style=\"color: #000000;\">e le gioie del suo, del<\/span><\/p>\n<p style=\"text-align: center;\"><span style=\"color: #000000;\">nostro Reggimento.<\/span><\/p>\n<p style=\"text-align: center;\"><span style=\"color: #000000;\"><strong>Grazie, Giovan Francesco Gonzaga<\/strong>.<\/span><\/p>\n<p style=\"text-align: center;\"><em><span style=\"font-size: 80%; color: #000000;\">Giancarlo Cioffi<\/span><\/em><\/p>\n<p style=\"text-align: center;\"><em><span style=\"font-size: 80%; color: #000000;\">Presidente della Sez. ANAC di Milano<\/span><\/em><\/p>\n<p style=\"text-align: center;\"><em><span style=\"font-size: 80%; color: #000000;\">&#8220;Savoia Cavalleria&#8221;<\/span><\/em><\/p>\n<\/td>\n<td style=\"text-align: center;\"><img loading=\"lazy\" decoding=\"async\" class=\"aligncenter\" src=\"https:\/\/artescelta.com\/wp-content\/maestro-page\/museo.jpg\" alt=\"museo\" width=\"688\" height=\"486\" \/>\u00a0<span style=\"font-size: 80%;\">(Opere del Maestro esposte al museo della Cavalleria di Grosseto )<\/span><\/td>\n<\/tr>\n<\/tbody>\n<\/table>\n<hr \/>\n<hr \/>\n<p style=\"text-align: center;\"><iframe loading=\"lazy\"  id=\"_ytid_26314\"  width=\"1020\" height=\"765\"  data-origwidth=\"1020\" data-origheight=\"765\" src=\"https:\/\/www.youtube.com\/embed\/G9XTRFXd3qs?enablejsapi=1&autoplay=0&cc_load_policy=0&cc_lang_pref=&iv_load_policy=1&loop=0&rel=1&fs=1&playsinline=0&autohide=2&theme=dark&color=red&controls=1&disablekb=0&\" class=\"__youtube_prefs__  no-lazyload\" title=\"YouTube player\"  allow=\"fullscreen; accelerometer; autoplay; clipboard-write; encrypted-media; gyroscope; picture-in-picture; web-share\" referrerpolicy=\"strict-origin-when-cross-origin\" allowfullscreen data-no-lazy=\"1\" data-skipgform_ajax_framebjll=\"\"><\/iframe>\n","protected":false},"excerpt":{"rendered":"<p>Biografia di Giovan Francesco Gonzaga &nbsp; (Il primo Gonzaga all&#8217;eta&#8217; di 10 anni) Gianfranco (in arte Giovan Francesco) Gonzaga, (Milano 1921 &#8211; 2007). Pittore e scultore autodidatta, ha al suo attivo una lunga e prestigiosa carriera artistica. Dice di se stesso: \u201csono un decadente, un crepuscolare. Non guido la macchina. Vado a cavallo. Ho passato [&#8230;]\n","protected":false},"author":2,"featured_media":0,"parent":0,"menu_order":0,"comment_status":"closed","ping_status":"closed","template":"","meta":{"footnotes":""},"class_list":["post-541","page","type-page","status-publish","hentry"],"_links":{"self":[{"href":"https:\/\/artescelta.com\/index.php?rest_route=\/wp\/v2\/pages\/541","targetHints":{"allow":["GET"]}}],"collection":[{"href":"https:\/\/artescelta.com\/index.php?rest_route=\/wp\/v2\/pages"}],"about":[{"href":"https:\/\/artescelta.com\/index.php?rest_route=\/wp\/v2\/types\/page"}],"author":[{"embeddable":true,"href":"https:\/\/artescelta.com\/index.php?rest_route=\/wp\/v2\/users\/2"}],"replies":[{"embeddable":true,"href":"https:\/\/artescelta.com\/index.php?rest_route=%2Fwp%2Fv2%2Fcomments&post=541"}],"version-history":[{"count":57,"href":"https:\/\/artescelta.com\/index.php?rest_route=\/wp\/v2\/pages\/541\/revisions"}],"predecessor-version":[{"id":1396,"href":"https:\/\/artescelta.com\/index.php?rest_route=\/wp\/v2\/pages\/541\/revisions\/1396"}],"wp:attachment":[{"href":"https:\/\/artescelta.com\/index.php?rest_route=%2Fwp%2Fv2%2Fmedia&parent=541"}],"curies":[{"name":"wp","href":"https:\/\/api.w.org\/{rel}","templated":true}]}}